{"id":198,"date":"2012-06-07T10:10:50","date_gmt":"2012-06-07T10:10:50","guid":{"rendered":"http:\/\/sonic-places.dock-berlin.de\/?page_id=198"},"modified":"2012-06-18T08:14:08","modified_gmt":"2012-06-18T08:14:08","slug":"bosshard-andres-ch","status":"publish","type":"page","link":"http:\/\/sonic-places.dock-berlin.de\/?page_id=198","title":{"rendered":"Bosshard, Andres (CH)"},"content":{"rendered":"<p><a href=\"http:\/\/sonic-places.dock-berlin.de\/wp-content\/uploads\/2012\/06\/bosshard\u00a9Foto-Georg-Weckwerth.jpg\"><img decoding=\"async\" loading=\"lazy\" class=\"alignnone size-thumbnail wp-image-319\" title=\"bosshard\u00a9Foto Georg Weckwerth\" src=\"http:\/\/sonic-places.dock-berlin.de\/wp-content\/uploads\/2012\/06\/bosshard\u00a9Foto-Georg-Weckwerth-150x150.jpg\" alt=\"\" width=\"150\" height=\"150\" \/><\/a><br \/>\n<span style=\"color: #888888; font-size: xx-small;\">Photo by Georg Weckwerth<\/span><br \/>\n<br \/>\nAndres Bosshard. studied musicology and history of art at the University of Zurich. Since 1980 he performs and tours as improvising musician and sound artist throughout Europe, America, Japan, India.<br \/>\nSince 1995 collaboration with architects,\u00a0 landscape architects, gardeners and city planners.<br \/>\n2002\u00a0 he directed during 6 month &#8220;The Sound Tower&#8221; for the national exhibition Expo 02. 2009 he published &#8220;Stadt h\u00f6ren, Klangspazierg\u00e4nge f\u00fcr Z\u00fcrich&#8221; (NZZ libro). He runs several permanent activ sound installations\/sonic architectures throughout Germany and Switzerland. (Klangallee Bad Pyrmont, Wasserspuren Hannoversch M\u00fcnden, Agora Bitterfeld (since 2000).<br \/>\n2003 he was guest professor at the Academy of Media Arts Cologne: Since 2005 he teaches at the Zurich University of the Arts.<br \/>\n____________________________________________________________________________________<\/p>\n<p>Andres Bosshard is part of the following modules of Berlin Sonic Places:<br \/>\n<span style=\"color: #000000;\"><strong><a title=\"modul II\" href=\"http:\/\/sonic-places.dock-berlin.de\/?page_id=16\"><span style=\"color: #000000;\">modul II<\/span><\/a><\/strong><\/span> | 14. July 2012<\/p>\n<p><\/p>\n<p><\/p>","protected":false},"excerpt":{"rendered":"<p>Photo by Georg Weckwerth Andres Bosshard. studied musicology and history of art at the University of Zurich. Since 1980 he performs and tours as improvising musician and sound artist throughout Europe, America, Japan, India. Since 1995 collaboration with architects,\u00a0 landscape architects, gardeners and city planners. 2002\u00a0 he directed during 6 month &#8220;The Sound Tower&#8221; for [&hellip;]<\/p>\n","protected":false},"author":3,"featured_media":0,"parent":33,"menu_order":0,"comment_status":"closed","ping_status":"closed","template":"","meta":[],"_links":{"self":[{"href":"http:\/\/sonic-places.dock-berlin.de\/index.php?rest_route=\/wp\/v2\/pages\/198"}],"collection":[{"href":"http:\/\/sonic-places.dock-berlin.de\/index.php?rest_route=\/wp\/v2\/pages"}],"about":[{"href":"http:\/\/sonic-places.dock-berlin.de\/index.php?rest_route=\/wp\/v2\/types\/page"}],"author":[{"embeddable":true,"href":"http:\/\/sonic-places.dock-berlin.de\/index.php?rest_route=\/wp\/v2\/users\/3"}],"replies":[{"embeddable":true,"href":"http:\/\/sonic-places.dock-berlin.de\/index.php?rest_route=%2Fwp%2Fv2%2Fcomments&post=198"}],"version-history":[{"count":4,"href":"http:\/\/sonic-places.dock-berlin.de\/index.php?rest_route=\/wp\/v2\/pages\/198\/revisions"}],"predecessor-version":[{"id":315,"href":"http:\/\/sonic-places.dock-berlin.de\/index.php?rest_route=\/wp\/v2\/pages\/198\/revisions\/315"}],"up":[{"embeddable":true,"href":"http:\/\/sonic-places.dock-berlin.de\/index.php?rest_route=\/wp\/v2\/pages\/33"}],"wp:attachment":[{"href":"http:\/\/sonic-places.dock-berlin.de\/index.php?rest_route=%2Fwp%2Fv2%2Fmedia&parent=198"}],"curies":[{"name":"wp","href":"https:\/\/api.w.org\/{rel}","templated":true}]}}