{"id":591,"date":"2012-08-15T07:27:16","date_gmt":"2012-08-15T07:27:16","guid":{"rendered":"http:\/\/sonic-places.dock-berlin.de\/?page_id=591"},"modified":"2013-04-05T16:19:37","modified_gmt":"2013-04-05T16:19:37","slug":"kusitzky-thomas-d","status":"publish","type":"page","link":"http:\/\/sonic-places.dock-berlin.de\/?page_id=591","title":{"rendered":"Kusitzky, Thomas (D)"},"content":{"rendered":"<p>geboren 1975 in Singen, Baden-W\u00fcrttemberg. Er studierte Musik an der Hochschule f\u00fcr Musik `Hanns Eisler\u00b4 sowie Sound Studies an der Universit\u00e4t der K\u00fcnste Berlin. 2006 gr\u00fcndete Thomas Kusitzky gemeinsam mit Alex Arteaga die Forschungsgruppe Auditive Architektur, die sie seither kooperativ leiten. Von Kusitzky wurden zum Thema Auditive Architektur bereits mehrere Texte ver\u00f6ffentlicht. Seit 2008 ist er Lehrbeauftragter am UNI.K &#8211; UdK | Studio f\u00fcr Klangkunst und Klangforschung. Dar\u00fcber hinaus ist Kusitzky seit vielen Jahren aktiv als Musiker im Bereich der elektroakustischen Musik sowie als Klangk\u00fcnstler.<\/p>\n<p>Thomas Kusitzky ist bei Berlin Sonic Places beteiligt an:<br \/>\n<span style=\"color: #000000;\"><strong><a title=\"modul III\" href=\"http:\/\/sonic-places.dock-berlin.de\/?page_id=18\"><span style=\"color: #000000;\">modul III\u00a0<\/span><\/a><\/strong><\/span>| 18. August 2012<\/p>\n","protected":false},"excerpt":{"rendered":"<p>geboren 1975 in Singen, Baden-W\u00fcrttemberg. Er studierte Musik an der Hochschule f\u00fcr Musik `Hanns Eisler\u00b4 sowie Sound Studies an der Universit\u00e4t der K\u00fcnste Berlin. 2006 gr\u00fcndete Thomas Kusitzky gemeinsam mit Alex Arteaga die Forschungsgruppe Auditive Architektur, die sie seither kooperativ leiten. Von Kusitzky wurden zum Thema Auditive Architektur bereits mehrere Texte ver\u00f6ffentlicht. Seit 2008 ist [&hellip;]<\/p>\n","protected":false},"author":1,"featured_media":0,"parent":33,"menu_order":0,"comment_status":"closed","ping_status":"closed","template":"","meta":[],"_links":{"self":[{"href":"http:\/\/sonic-places.dock-berlin.de\/index.php?rest_route=\/wp\/v2\/pages\/591"}],"collection":[{"href":"http:\/\/sonic-places.dock-berlin.de\/index.php?rest_route=\/wp\/v2\/pages"}],"about":[{"href":"http:\/\/sonic-places.dock-berlin.de\/index.php?rest_route=\/wp\/v2\/types\/page"}],"author":[{"embeddable":true,"href":"http:\/\/sonic-places.dock-berlin.de\/index.php?rest_route=\/wp\/v2\/users\/1"}],"replies":[{"embeddable":true,"href":"http:\/\/sonic-places.dock-berlin.de\/index.php?rest_route=%2Fwp%2Fv2%2Fcomments&post=591"}],"version-history":[{"count":5,"href":"http:\/\/sonic-places.dock-berlin.de\/index.php?rest_route=\/wp\/v2\/pages\/591\/revisions"}],"predecessor-version":[{"id":968,"href":"http:\/\/sonic-places.dock-berlin.de\/index.php?rest_route=\/wp\/v2\/pages\/591\/revisions\/968"}],"up":[{"embeddable":true,"href":"http:\/\/sonic-places.dock-berlin.de\/index.php?rest_route=\/wp\/v2\/pages\/33"}],"wp:attachment":[{"href":"http:\/\/sonic-places.dock-berlin.de\/index.php?rest_route=%2Fwp%2Fv2%2Fmedia&parent=591"}],"curies":[{"name":"wp","href":"https:\/\/api.w.org\/{rel}","templated":true}]}}