{"id":947,"date":"2013-04-05T15:47:12","date_gmt":"2013-04-05T15:47:12","guid":{"rendered":"http:\/\/sonic-places.dock-berlin.de\/?page_id=947"},"modified":"2013-04-05T16:44:42","modified_gmt":"2013-04-05T16:44:42","slug":"heyer-sonja-d","status":"publish","type":"page","link":"http:\/\/sonic-places.dock-berlin.de\/?page_id=947","title":{"rendered":"Heyer, Sonja (D)"},"content":{"rendered":"<p><a href=\"http:\/\/sonic-places.dock-berlin.de\/wp-content\/uploads\/2013\/04\/port_web.jpg\"><img decoding=\"async\" loading=\"lazy\" class=\"alignnone size-thumbnail wp-image-950\" title=\"Sonja Heyer\" src=\"http:\/\/sonic-places.dock-berlin.de\/wp-content\/uploads\/2013\/04\/port_web-150x150.jpg\" alt=\"\" width=\"150\" height=\"150\" \/><\/a><\/p>\n<p>&nbsp;<\/p>\n<p><\/p>\n<p>Sonja Heyer (GER): born 1965, lives in Berlin. Degrees: Musikhochschule \u201eCarl Maria von Weber\u201c Dresden (Drums, Timpani and Orchestra Percussion, 1988). Freien Universit\u00e4t Berlin\/Humboldt Universit\u00e4t zu Berlin (Social Anhtropology, Sociology, African Studies, 1997). Universit\u00e4t der K\u00fcnste Berlin (Sound Studies, 2013).<br \/>\nSonja Heyer lives and works as a musician and artist in Berlin and as sculptor in the North of Germany.<br \/>\nRecently, she has produced features and radio plays for different German radio stations. She appears on stage as a performing artist and works on sound installations.<\/p>\n<p><span style=\"background-color: #52a878; color: #ffffff;\"><strong><a href=\"http:\/\/www.sonjaheyer.de\/\"><span style=\"background-color: #52a878; color: #ffffff;\">http:\/\/www.sonjaheyer.de\/<\/span><\/a><\/strong><\/span><\/p>\n<p>____________________________________________________________________________________<\/p>\n<p>Sonja Heyer is part of the following module of Berlin Sonic Places:<br \/>\n<span style=\"color: #000000;\"><strong><a title=\"modul I\" href=\"http:\/\/sonic-places.dock-berlin.de\/?page_id=15\"><span style=\"color: #000000;\">modul I<\/span><\/a><\/strong><\/span>\u00a0| 30. June 2012<\/p>\n<p><\/p>\n<p><\/p>","protected":false},"excerpt":{"rendered":"<p>&nbsp; Sonja Heyer (GER): born 1965, lives in Berlin. Degrees: Musikhochschule \u201eCarl Maria von Weber\u201c Dresden (Drums, Timpani and Orchestra Percussion, 1988). Freien Universit\u00e4t Berlin\/Humboldt Universit\u00e4t zu Berlin (Social Anhtropology, Sociology, African Studies, 1997). Universit\u00e4t der K\u00fcnste Berlin (Sound Studies, 2013). Sonja Heyer lives and works as a musician and artist in Berlin and as [&hellip;]<\/p>\n","protected":false},"author":4,"featured_media":0,"parent":33,"menu_order":0,"comment_status":"open","ping_status":"closed","template":"","meta":[],"_links":{"self":[{"href":"http:\/\/sonic-places.dock-berlin.de\/index.php?rest_route=\/wp\/v2\/pages\/947"}],"collection":[{"href":"http:\/\/sonic-places.dock-berlin.de\/index.php?rest_route=\/wp\/v2\/pages"}],"about":[{"href":"http:\/\/sonic-places.dock-berlin.de\/index.php?rest_route=\/wp\/v2\/types\/page"}],"author":[{"embeddable":true,"href":"http:\/\/sonic-places.dock-berlin.de\/index.php?rest_route=\/wp\/v2\/users\/4"}],"replies":[{"embeddable":true,"href":"http:\/\/sonic-places.dock-berlin.de\/index.php?rest_route=%2Fwp%2Fv2%2Fcomments&post=947"}],"version-history":[{"count":2,"href":"http:\/\/sonic-places.dock-berlin.de\/index.php?rest_route=\/wp\/v2\/pages\/947\/revisions"}],"predecessor-version":[{"id":977,"href":"http:\/\/sonic-places.dock-berlin.de\/index.php?rest_route=\/wp\/v2\/pages\/947\/revisions\/977"}],"up":[{"embeddable":true,"href":"http:\/\/sonic-places.dock-berlin.de\/index.php?rest_route=\/wp\/v2\/pages\/33"}],"wp:attachment":[{"href":"http:\/\/sonic-places.dock-berlin.de\/index.php?rest_route=%2Fwp%2Fv2%2Fmedia&parent=947"}],"curies":[{"name":"wp","href":"https:\/\/api.w.org\/{rel}","templated":true}]}}